{"id":1370,"date":"2020-12-08T03:52:44","date_gmt":"2020-12-08T03:52:44","guid":{"rendered":"https:\/\/gaviaspreview.com\/wp\/conult\/?page_id=18"},"modified":"2024-06-14T15:12:16","modified_gmt":"2024-06-14T15:12:16","slug":"anasayfa","status":"publish","type":"page","link":"https:\/\/koseoglutasimacilik.com\/","title":{"rendered":"Anasayfa"},"content":{"rendered":"\t\t<div data-elementor-type=\"wp-page\" data-elementor-id=\"1370\" class=\"elementor elementor-1370\">\n\t\t\t\t\t\t<section class=\"elementor-section elementor-top-section elementor-element elementor-element-0e79c74 elementor-section-full_width elementor-section-height-default elementor-section-height-default\" data-id=\"0e79c74\" data-element_type=\"section\">\n\t\t\t\t\t\t<div class=\"elementor-container elementor-column-gap-default\">\n\t\t\t\t\t<div class=\"elementor-column elementor-col-100 elementor-top-column elementor-element elementor-element-71f34e5\" data-id=\"71f34e5\" data-element_type=\"column\">\n\t\t\t<div class=\"elementor-widget-wrap elementor-element-populated\">\n\t\t\t\t\t\t<div class=\"elementor-element elementor-element-5b4f464 elementor-widget elementor-widget-gva-rev-slider\" data-id=\"5b4f464\" data-element_type=\"widget\" data-widget_type=\"gva-rev-slider.default\">\n\t\t\t\t<div class=\"elementor-widget-container\">\n\t\t\t<div class=\"gva-element-gva-rev-slider gva-element\">\n\t\t\t\t<p class=\"rs-p-wp-fix\"><\/p>\n\t\t\t\t<sr7-module data-alias=\"slider-1\" data-id=\"1\" id=\"SR7_1_1\" class=\"rs-ov-hidden\" data-version=\"6.7.12\">\n\t\t\t\t\t<sr7-adjuster><\/sr7-adjuster>\n\t\t\t\t\t<sr7-content>\n\t\t\t\t\t\t<sr7-slide id=\"SR7_1_1-1\" data-key=\"1\">\n\t\t\t\t\t\t<\/sr7-slide>\n\t\t\t\t\t\t<sr7-slide id=\"SR7_1_1-7\" data-key=\"7\">\n\t\t\t\t\t\t<\/sr7-slide>\n\t\t\t\t\t<\/sr7-content>\n\t\t\t\t<\/sr7-module>\n\t\t\t\t<script>\n\t\t\t\t\tSR7.PMH ??={}; SR7.PMH[\"SR7_1_1\"] = {cn:0,state:false,fn: function() { if (_tpt!==undefined && _tpt.prepareModuleHeight !== undefined) {  _tpt.prepareModuleHeight({id:\"SR7_1_1\",el:[880,880,620,550,350],type:'standard',shdw:'0',gh:[880,880,620,550,350],gw:[1170,1170,1024,778,480],vpt:['-200px&#039;,&#039;-200px&#039;,&#039;-200px&#039;,&#039;-200px&#039;,&#039;-200px'],size:{fullWidth:false, fullHeight:false},mh:'0',onh:0,onw:0,bg:{color:'{\"orig\":\"transparent\",\"type\":\"solid\",\"string\":\"transparent\"}'},plType:'0',plColor:'#FFFFFF'});   SR7.PMH[\"SR7_1_1\"].state=true;} else if((SR7.PMH[\"SR7_1_1\"].cn++)<100)\tsetTimeout( SR7.PMH[\"SR7_1_1\"].fn,19);}};SR7.PMH[\"SR7_1_1\" ].fn();\n\t\t\t\t<\/script>\n<\/div>\t\t<\/div>\n\t\t\t\t<\/div>\n\t\t\t\t\t<\/div>\n\t\t<\/div>\n\t\t\t\t\t<\/div>\n\t\t<\/section>\n\t\t\t\t<section class=\"elementor-section elementor-top-section elementor-element elementor-element-6ff6d2e elementor-section-boxed elementor-section-height-default elementor-section-height-default\" data-id=\"6ff6d2e\" data-element_type=\"section\">\n\t\t\t\t\t\t<div class=\"elementor-container elementor-column-gap-default\">\n\t\t\t\t\t<div class=\"elementor-column elementor-col-100 elementor-top-column elementor-element elementor-element-bd03ed4\" data-id=\"bd03ed4\" data-element_type=\"column\">\n\t\t\t<div class=\"elementor-widget-wrap elementor-element-populated\">\n\t\t\t\t\t\t<div class=\"elementor-element elementor-element-1101c6c elementor-widget elementor-widget-gva-services-group\" data-id=\"1101c6c\" data-element_type=\"widget\" data-widget_type=\"gva-services-group.default\">\n\t\t\t\t<div class=\"elementor-widget-container\">\n\t\t\t<div class=\"gva-element-gva-services-group gva-element\">\r\n<div class=\"gsc-services-group layout-grid\">\r\n   <div class=\"lg-block-grid-3 md-block-grid-3 sm-block-grid-2 xs-block-grid-1 xx-block-grid-1\">\r\n               <div class=\"item-columns\">\r\n            \r\n\t\r\n\r\n   <div class=\"service-item style-2\">\r\n      \r\n      \t      <div class=\"service-image text-center\">\r\n\t      \t<img decoding=\"async\"  src=\"https:\/\/koseoglutasimacilik.com\/wp-content\/uploads\/2024\/06\/dsadas-scaled.jpg\" alt=\"Personel &lt;br&gt; Ta\u015f\u0131mac\u0131l\u0131\u011f\u0131\"\/>\r\n\t      <\/div>\r\n\t   \r\n      <div class=\"service-content\">\r\n\t\t\t<div class=\"content-inner\">\r\n\t\t\t\t\t\t\t\t\t<h3 class=\"title\"><span>Personel <br> Ta\u015f\u0131mac\u0131l\u0131\u011f\u0131<\/span><\/h3>\r\n\t\t\t\t\r\n\t\t\t\t\t\t\t<\/div>\t\r\n\t\t<\/div>\r\n\r\n\t\t\r\n\t\t<div class=\"service-content-hover\">\r\n\t\t\t<div class=\"content-inner\">\r\n\t\t\t\t\r\n\t\t\t\t\t\t\t\t\t<h3 class=\"title\"><span>Personel <br> Ta\u015f\u0131mac\u0131l\u0131\u011f\u0131<\/span><\/h3>\r\n\t\t\t\t\t\t\t\t\t\t\t\t\t<div class=\"desc\">Personel servisi y\u00f6netimini, b\u00f6lgesel ofislerimiz ve bu b\u00f6lgelerdeki m\u00fc\u015fteri say\u0131s\u0131na uygun olarak istihdam etti\u011fimiz operasyon saha \u00e7al\u0131\u015fanlar\u0131m\u0131z taraf\u0131ndan h\u0131zl\u0131 ve etkili \u00e7\u00f6z\u00fcmlerle sa\u011flamaktay\u0131z.<\/div>\r\n\t\t\t\t\t\t\t<\/div>\t\r\n\t\t\t<div class=\"service-background\">\r\n\t\t\t\t\t\t\t\t\t<img decoding=\"async\" src=\"https:\/\/koseoglutasimacilik.com\/wp-content\/uploads\/2024\/06\/dsadas-scaled.jpg\" alt=\"Personel &lt;br&gt; Ta\u015f\u0131mac\u0131l\u0131\u011f\u0131\"\/>\r\n\t\t\t\t\t\r\n\t\t\t<\/div>\r\n\t\t\t\t\t<\/div>\t\r\n\t<\/div>\r\n\t\r\n\r\n\r\n\r\n         <\/div>\r\n               <div class=\"item-columns\">\r\n            \r\n\t\r\n\r\n   <div class=\"service-item style-2\">\r\n      \r\n      \t      <div class=\"service-image text-center\">\r\n\t      \t<img decoding=\"async\"  src=\"https:\/\/koseoglutasimacilik.com\/wp-content\/uploads\/2024\/06\/businesswoman-sitting-backseat-taxi-kopya-scaled.jpg\" alt=\"\u00d6\u011frenci &lt;br&gt; Ta\u015f\u0131mac\u0131l\u0131\u011f\u0131\"\/>\r\n\t      <\/div>\r\n\t   \r\n      <div class=\"service-content\">\r\n\t\t\t<div class=\"content-inner\">\r\n\t\t\t\t\t\t\t\t\t<h3 class=\"title\"><span>\u00d6\u011frenci <br> Ta\u015f\u0131mac\u0131l\u0131\u011f\u0131<\/span><\/h3>\r\n\t\t\t\t\r\n\t\t\t\t\t\t\t<\/div>\t\r\n\t\t<\/div>\r\n\r\n\t\t\r\n\t\t<div class=\"service-content-hover\">\r\n\t\t\t<div class=\"content-inner\">\r\n\t\t\t\t\r\n\t\t\t\t\t\t\t\t\t<h3 class=\"title\"><span>\u00d6\u011frenci <br> Ta\u015f\u0131mac\u0131l\u0131\u011f\u0131<\/span><\/h3>\r\n\t\t\t\t\t\t\t\t\t\t\t\t\t<div class=\"desc\">Profesyonel ve s\u00fcrekli e\u011fitimli s\u00fcr\u00fcc\u00fclerimiz ve hosteslerimizle her seyahatinizde emniyetiniz bizim i\u00e7in birinci \u00f6nceliktir. \u00c7ocuklar\u0131n\u0131z\u0131 bize emanet ederken huzur i\u00e7inde olun.<\/div>\r\n\t\t\t\t\t\t\t<\/div>\t\r\n\t\t\t<div class=\"service-background\">\r\n\t\t\t\t\t\t\t\t\t<img decoding=\"async\" src=\"https:\/\/koseoglutasimacilik.com\/wp-content\/uploads\/2024\/06\/businesswoman-sitting-backseat-taxi-kopya-scaled.jpg\" alt=\"\u00d6\u011frenci &lt;br&gt; Ta\u015f\u0131mac\u0131l\u0131\u011f\u0131\"\/>\r\n\t\t\t\t\t\r\n\t\t\t<\/div>\r\n\t\t\t\t\t<\/div>\t\r\n\t<\/div>\r\n\t\r\n\r\n\r\n\r\n         <\/div>\r\n               <div class=\"item-columns\">\r\n            \r\n\t\r\n\r\n   <div class=\"service-item style-2\">\r\n      \r\n      \t      <div class=\"service-image text-center\">\r\n\t      \t<img decoding=\"async\"  src=\"https:\/\/koseoglutasimacilik.com\/wp-content\/uploads\/2024\/06\/businesswoman-sitting-backseat-taxi-scaled.jpg\" alt=\"VIP &lt;br&gt; Transfer\"\/>\r\n\t      <\/div>\r\n\t   \r\n      <div class=\"service-content\">\r\n\t\t\t<div class=\"content-inner\">\r\n\t\t\t\t\t\t\t\t\t<h3 class=\"title\"><span>VIP <br> Transfer<\/span><\/h3>\r\n\t\t\t\t\r\n\t\t\t\t\t\t\t<\/div>\t\r\n\t\t<\/div>\r\n\r\n\t\t\r\n\t\t<div class=\"service-content-hover\">\r\n\t\t\t<div class=\"content-inner\">\r\n\t\t\t\t\r\n\t\t\t\t\t\t\t\t\t<h3 class=\"title\"><span>VIP <br> Transfer<\/span><\/h3>\r\n\t\t\t\t\t\t\t\t\t\t\t\t\t<div class=\"desc\">Ta\u015f\u0131ma hizmetlerimiz aras\u0131nda \u00f6ne \u00e7\u0131kan bir hizmet t\u00fcr\u00fcm\u00fcz, m\u00fc\u015fterilerimize \u00f6zel transfer imkan\u0131 sunmakt\u0131r. Siz de\u011ferli m\u00fc\u015fterilerimize, s\u00fcr\u00fcc\u00fcl\u00fc binek ara\u00e7lar\u0131m\u0131zdan ba\u015flayarak minib\u00fcslerle geni\u015f bir hizmet sunuyoruz.<\/div>\r\n\t\t\t\t\t\t\t<\/div>\t\r\n\t\t\t<div class=\"service-background\">\r\n\t\t\t\t\t\t\t\t\t<img decoding=\"async\" src=\"https:\/\/koseoglutasimacilik.com\/wp-content\/uploads\/2024\/06\/businesswoman-sitting-backseat-taxi-scaled.jpg\" alt=\"VIP &lt;br&gt; Transfer\"\/>\r\n\t\t\t\t\t\r\n\t\t\t<\/div>\r\n\t\t\t\t\t<\/div>\t\r\n\t<\/div>\r\n\t\r\n\r\n\r\n\r\n         <\/div>\r\n               <div class=\"item-columns\">\r\n            \r\n\t\r\n\r\n   <div class=\"service-item style-2\">\r\n      \r\n      \t      <div class=\"service-image text-center\">\r\n\t      \t<img decoding=\"async\"  src=\"https:\/\/koseoglutasimacilik.com\/wp-content\/uploads\/2024\/06\/dddd-scaled.jpg\" alt=\"\u015eehirler Aras\u0131 &lt;br&gt; Ta\u015f\u0131mac\u0131l\u0131k\"\/>\r\n\t      <\/div>\r\n\t   \r\n      <div class=\"service-content\">\r\n\t\t\t<div class=\"content-inner\">\r\n\t\t\t\t\t\t\t\t\t<h3 class=\"title\"><span>\u015eehirler Aras\u0131 <br> Ta\u015f\u0131mac\u0131l\u0131k<\/span><\/h3>\r\n\t\t\t\t\r\n\t\t\t\t\t\t\t<\/div>\t\r\n\t\t<\/div>\r\n\r\n\t\t\r\n\t\t<div class=\"service-content-hover\">\r\n\t\t\t<div class=\"content-inner\">\r\n\t\t\t\t\r\n\t\t\t\t\t\t\t\t\t<h3 class=\"title\"><span>\u015eehirler Aras\u0131 <br> Ta\u015f\u0131mac\u0131l\u0131k<\/span><\/h3>\r\n\t\t\t\t\t\t\t\t\t\t\t\t\t<div class=\"desc\">Eski\u015fehir'den, t\u00fcm T\u00fcrkiye'ye \u015fehirler aras\u0131 seyahat hizmeti sunmaktay\u0131z.<\/div>\r\n\t\t\t\t\t\t\t<\/div>\t\r\n\t\t\t<div class=\"service-background\">\r\n\t\t\t\t\t\t\t\t\t<img decoding=\"async\" src=\"https:\/\/koseoglutasimacilik.com\/wp-content\/uploads\/2024\/06\/dddd-scaled.jpg\" alt=\"\u015eehirler Aras\u0131 &lt;br&gt; Ta\u015f\u0131mac\u0131l\u0131k\"\/>\r\n\t\t\t\t\t\r\n\t\t\t<\/div>\r\n\t\t\t\t\t<\/div>\t\r\n\t<\/div>\r\n\t\r\n\r\n\r\n\r\n         <\/div>\r\n               <div class=\"item-columns\">\r\n            \r\n\t\r\n\r\n   <div class=\"service-item style-2\">\r\n      \r\n      \t      <div class=\"service-image text-center\">\r\n\t      \t<img decoding=\"async\"  src=\"https:\/\/koseoglutasimacilik.com\/wp-content\/uploads\/2024\/06\/dsadasd-scaled.jpg\" alt=\"Ara\u00e7 Kiralama &lt;br&gt; Hizmeti\"\/>\r\n\t      <\/div>\r\n\t   \r\n      <div class=\"service-content\">\r\n\t\t\t<div class=\"content-inner\">\r\n\t\t\t\t\t\t\t\t\t<h3 class=\"title\"><span>Ara\u00e7 Kiralama <br> Hizmeti<\/span><\/h3>\r\n\t\t\t\t\r\n\t\t\t\t\t\t\t<\/div>\t\r\n\t\t<\/div>\r\n\r\n\t\t\r\n\t\t<div class=\"service-content-hover\">\r\n\t\t\t<div class=\"content-inner\">\r\n\t\t\t\t\r\n\t\t\t\t\t\t\t\t\t<h3 class=\"title\"><span>Ara\u00e7 Kiralama <br> Hizmeti<\/span><\/h3>\r\n\t\t\t\t\t\t\t\t\t\t\t\t\t<div class=\"desc\">Ara\u00e7 kiralama hizmetimiz, m\u00fc\u015fterilerimize konforlu ve g\u00fcvenilir bir seyahat deneyimi sunmay\u0131 ama\u00e7lar. Siz de\u011ferli m\u00fc\u015fterilerimize geni\u015f bir ara\u00e7 filosuyla hizmet veriyoruz.<\/div>\r\n\t\t\t\t\t\t\t<\/div>\t\r\n\t\t\t<div class=\"service-background\">\r\n\t\t\t\t\t\t\t\t\t<img decoding=\"async\" src=\"https:\/\/koseoglutasimacilik.com\/wp-content\/uploads\/2024\/06\/dsadasd-scaled.jpg\" alt=\"Ara\u00e7 Kiralama &lt;br&gt; Hizmeti\"\/>\r\n\t\t\t\t\t\r\n\t\t\t<\/div>\r\n\t\t\t\t\t<\/div>\t\r\n\t<\/div>\r\n\t\r\n\r\n\r\n\r\n         <\/div>\r\n         <\/div>   \r\n<\/div>\r\n<\/div>\t\t<\/div>\n\t\t\t\t<\/div>\n\t\t\t\t\t<\/div>\n\t\t<\/div>\n\t\t\t\t\t<\/div>\n\t\t<\/section>\n\t\t\t\t<section class=\"elementor-section elementor-top-section elementor-element elementor-element-a72b136 elementor-section-boxed elementor-section-height-default elementor-section-height-default\" data-id=\"a72b136\" data-element_type=\"section\" data-settings=\"{&quot;background_background&quot;:&quot;classic&quot;}\">\n\t\t\t\t\t\t\t<div class=\"elementor-background-overlay\"><\/div>\n\t\t\t\t\t\t\t<div class=\"elementor-container elementor-column-gap-default\">\n\t\t\t\t\t<div class=\"elementor-column elementor-col-100 elementor-top-column elementor-element elementor-element-b8554b5\" data-id=\"b8554b5\" data-element_type=\"column\">\n\t\t\t<div class=\"elementor-widget-wrap elementor-element-populated\">\n\t\t\t\t\t\t<div class=\"elementor-element elementor-element-40c801d elementor-widget elementor-widget-gva-heading-block\" data-id=\"40c801d\" data-element_type=\"widget\" data-widget_type=\"gva-heading-block.default\">\n\t\t\t\t<div class=\"elementor-widget-container\">\n\t\t\t<div class=\"gva-element-gva-heading-block gva-element\">   <div class=\"align-center style-1 widget gsc-heading box-align-left auto-responsive\">\r\n      <div class=\"content-inner\">\r\n         \r\n         \r\n         \r\n           \r\n         \r\n                     <h3 class=\"title\">\r\n               <span><span style=\"font-family: var(--conult-heading-font-family); font-size: 50px; white-space-collapse: collapse;\">Her \u0130\u015fletmeye Y\u00f6nelik Ta\u015f\u0131mac\u0131l\u0131k<\/span><\/span>\r\n            <\/h3>\r\n                              <div class=\"title-desc\">Transportation for Every Business<\/div>\r\n         \r\n         \r\n      <\/div>\r\n   <\/div>\r\n<\/div>\t\t<\/div>\n\t\t\t\t<\/div>\n\t\t\t\t\t<\/div>\n\t\t<\/div>\n\t\t\t\t\t<\/div>\n\t\t<\/section>\n\t\t\t\t<section class=\"elementor-section elementor-top-section elementor-element elementor-element-3a4589f elementor-section-boxed elementor-section-height-default elementor-section-height-default\" data-id=\"3a4589f\" data-element_type=\"section\">\n\t\t\t\t\t\t<div class=\"elementor-container elementor-column-gap-default\">\n\t\t\t\t\t<div class=\"elementor-column elementor-col-100 elementor-top-column elementor-element elementor-element-557965d\" data-id=\"557965d\" data-element_type=\"column\" data-settings=\"{&quot;background_background&quot;:&quot;classic&quot;}\">\n\t\t\t<div class=\"elementor-widget-wrap elementor-element-populated\">\n\t\t\t\t\t\t<section class=\"elementor-section elementor-inner-section elementor-element elementor-element-5786127 elementor-section-full_width elementor-section-height-default elementor-section-height-default\" data-id=\"5786127\" data-element_type=\"section\">\n\t\t\t\t\t\t<div class=\"elementor-container elementor-column-gap-default\">\n\t\t\t\t\t<div class=\"elementor-column elementor-col-50 elementor-inner-column elementor-element elementor-element-dc03c0c col-align-right\" data-id=\"dc03c0c\" data-element_type=\"column\">\n\t\t\t<div class=\"elementor-widget-wrap elementor-element-populated\">\n\t\t\t\t\t\t<div class=\"elementor-element elementor-element-4562128 elementor-widget elementor-widget-gva-heading-block\" data-id=\"4562128\" data-element_type=\"widget\" data-widget_type=\"gva-heading-block.default\">\n\t\t\t\t<div class=\"elementor-widget-container\">\n\t\t\t<div class=\"gva-element-gva-heading-block gva-element\">   <div class=\"align-left style-1 widget gsc-heading box-align-left auto-responsive\">\r\n      <div class=\"content-inner\">\r\n         \r\n         \r\n         \r\n           \r\n         \r\n                     <h2 class=\"title\">\r\n               <span>Ger\u00e7ek ve Kaliteli Ta\u015f\u0131mac\u0131l\u0131k Hizmeti Veriyoruz<\/span>\r\n            <\/h2>\r\n                  \r\n         \r\n      <\/div>\r\n   <\/div>\r\n<\/div>\t\t<\/div>\n\t\t\t\t<\/div>\n\t\t\t\t\t<\/div>\n\t\t<\/div>\n\t\t\t\t<div class=\"elementor-column elementor-col-50 elementor-inner-column elementor-element elementor-element-3e02b36\" data-id=\"3e02b36\" data-element_type=\"column\" data-settings=\"{&quot;background_background&quot;:&quot;classic&quot;}\">\n\t\t\t<div class=\"elementor-widget-wrap elementor-element-populated\">\n\t\t\t\t\t\t<div class=\"elementor-element elementor-element-55c7a3e elementor-widget elementor-widget-spacer\" data-id=\"55c7a3e\" data-element_type=\"widget\" data-widget_type=\"spacer.default\">\n\t\t\t\t<div class=\"elementor-widget-container\">\n\t\t\t\t\t<div class=\"elementor-spacer\">\n\t\t\t<div class=\"elementor-spacer-inner\"><\/div>\n\t\t<\/div>\n\t\t\t\t<\/div>\n\t\t\t\t<\/div>\n\t\t\t\t\t<\/div>\n\t\t<\/div>\n\t\t\t\t\t<\/div>\n\t\t<\/section>\n\t\t\t\t<section class=\"elementor-section elementor-inner-section elementor-element elementor-element-8334771 elementor-section-boxed elementor-section-height-default elementor-section-height-default\" data-id=\"8334771\" data-element_type=\"section\">\n\t\t\t\t\t\t<div class=\"elementor-container elementor-column-gap-default\">\n\t\t\t\t\t<div class=\"elementor-column elementor-col-33 elementor-inner-column elementor-element elementor-element-4671c8e\" data-id=\"4671c8e\" data-element_type=\"column\">\n\t\t\t<div class=\"elementor-widget-wrap elementor-element-populated\">\n\t\t\t\t\t\t<div class=\"elementor-element elementor-element-8132020 elementor-widget elementor-widget-gva-counter\" data-id=\"8132020\" data-element_type=\"widget\" data-widget_type=\"gva-counter.default\">\n\t\t\t\t<div class=\"elementor-widget-container\">\n\t\t\t<div class=\"gva-element-gva-counter gva-element\">\r\n         <div class=\"widget milestone-block style-2\">\r\n         <div class=\"box-content\">\r\n            \r\n            <div class=\"milestone-content\">\r\n               \r\n               <div class=\"milestone-number-inner\">\r\n                                    <span class=\"milestone-number\">65<\/span>\r\n                                 <\/div>\r\n               \r\n                                 <div class=\"milestone-text\">\r\n                      \u00dczerinde Ara\u00e7 Kapasitesi                  <\/div>\r\n               \r\n            <\/div>\r\n            \r\n            \r\n         <\/div>   \r\n      <\/div> \r\n   \r\n<\/div>\t\t<\/div>\n\t\t\t\t<\/div>\n\t\t\t\t\t<\/div>\n\t\t<\/div>\n\t\t\t\t<div class=\"elementor-column elementor-col-33 elementor-inner-column elementor-element elementor-element-8b9649a\" data-id=\"8b9649a\" data-element_type=\"column\">\n\t\t\t<div class=\"elementor-widget-wrap elementor-element-populated\">\n\t\t\t\t\t\t<div class=\"elementor-element elementor-element-d4e949d elementor-widget elementor-widget-gva-counter\" data-id=\"d4e949d\" data-element_type=\"widget\" data-widget_type=\"gva-counter.default\">\n\t\t\t\t<div class=\"elementor-widget-container\">\n\t\t\t<div class=\"gva-element-gva-counter gva-element\">\r\n         <div class=\"widget milestone-block style-2\">\r\n         <div class=\"box-content\">\r\n            \r\n            <div class=\"milestone-content\">\r\n               \r\n               <div class=\"milestone-number-inner\">\r\n                                    <span class=\"milestone-number\">5600<\/span>\r\n                                 <\/div>\r\n               \r\n                                 <div class=\"milestone-text\">\r\n                      G\u00fcnl\u00fck Personel Ta\u015f\u0131ma Kapasitesi                  <\/div>\r\n               \r\n            <\/div>\r\n            \r\n            \r\n         <\/div>   \r\n      <\/div> \r\n   \r\n<\/div>\t\t<\/div>\n\t\t\t\t<\/div>\n\t\t\t\t\t<\/div>\n\t\t<\/div>\n\t\t\t\t<div class=\"elementor-column elementor-col-33 elementor-inner-column elementor-element elementor-element-386f648\" data-id=\"386f648\" data-element_type=\"column\">\n\t\t\t<div class=\"elementor-widget-wrap elementor-element-populated\">\n\t\t\t\t\t\t<div class=\"elementor-element elementor-element-25bfdbe elementor-widget elementor-widget-gva-counter\" data-id=\"25bfdbe\" data-element_type=\"widget\" data-widget_type=\"gva-counter.default\">\n\t\t\t\t<div class=\"elementor-widget-container\">\n\t\t\t<div class=\"gva-element-gva-counter gva-element\">\r\n         <div class=\"widget milestone-block style-2\">\r\n         <div class=\"box-content\">\r\n            \r\n            <div class=\"milestone-content\">\r\n               \r\n               <div class=\"milestone-number-inner\">\r\n                                    <span class=\"milestone-number\">250<\/span>\r\n                                 <\/div>\r\n               \r\n                                 <div class=\"milestone-text\">\r\n                      G\u00fcnl\u00fck \u00d6\u011frenci Ta\u015f\u0131ma Kapasitesi                  <\/div>\r\n               \r\n            <\/div>\r\n            \r\n            \r\n         <\/div>   \r\n      <\/div> \r\n   \r\n<\/div>\t\t<\/div>\n\t\t\t\t<\/div>\n\t\t\t\t\t<\/div>\n\t\t<\/div>\n\t\t\t\t\t<\/div>\n\t\t<\/section>\n\t\t\t\t<div class=\"elementor-element elementor-element-143043b effect-shape-1 elementor-widget__width-auto elementor-absolute elementor-widget elementor-widget-image\" data-id=\"143043b\" data-element_type=\"widget\" data-settings=\"{&quot;_position&quot;:&quot;absolute&quot;}\" data-widget_type=\"image.default\">\n\t\t\t\t<div class=\"elementor-widget-container\">\n\t\t\t\t\t\t\t\t\t\t\t\t\t<img decoding=\"async\" width=\"58\" height=\"68\" src=\"https:\/\/koseoglutasimacilik.com\/wp-content\/uploads\/2022\/01\/shape-2.png\" class=\"attachment-full size-full wp-image-1271\" alt=\"shape\" \/>\t\t\t\t\t\t\t\t\t\t\t\t\t<\/div>\n\t\t\t\t<\/div>\n\t\t\t\t<div class=\"elementor-element elementor-element-3ef0dcc effect-shape-2 elementor-widget__width-auto elementor-absolute elementor-widget elementor-widget-image\" data-id=\"3ef0dcc\" data-element_type=\"widget\" data-settings=\"{&quot;_position&quot;:&quot;absolute&quot;}\" data-widget_type=\"image.default\">\n\t\t\t\t<div class=\"elementor-widget-container\">\n\t\t\t\t\t\t\t\t\t\t\t\t\t<img fetchpriority=\"high\" decoding=\"async\" width=\"269\" height=\"312\" src=\"https:\/\/koseoglutasimacilik.com\/wp-content\/uploads\/2022\/01\/shape-1.png\" class=\"attachment-full size-full wp-image-1270\" alt=\"shape\" \/>\t\t\t\t\t\t\t\t\t\t\t\t\t<\/div>\n\t\t\t\t<\/div>\n\t\t\t\t\t<\/div>\n\t\t<\/div>\n\t\t\t\t\t<\/div>\n\t\t<\/section>\n\t\t\t\t<\/div>\n\t\t","protected":false},"excerpt":{"rendered":"<p>Personel Ta\u015f\u0131mac\u0131l\u0131\u011f\u0131 Personel Ta\u015f\u0131mac\u0131l\u0131\u011f\u0131 Personel servisi y\u00f6netimini, b\u00f6lgesel ofislerimiz ve bu b\u00f6lgelerdeki m\u00fc\u015fteri say\u0131s\u0131na uygun olarak istihdam etti\u011fimiz operasyon saha \u00e7al\u0131\u015fanlar\u0131m\u0131z taraf\u0131ndan h\u0131zl\u0131 ve etkili \u00e7\u00f6z\u00fcmlerle sa\u011flamaktay\u0131z. \u00d6\u011frenci Ta\u015f\u0131mac\u0131l\u0131\u011f\u0131 \u00d6\u011frenci [&hellip;]<\/p>\n","protected":false},"author":1,"featured_media":0,"parent":0,"menu_order":0,"comment_status":"closed","ping_status":"closed","template":"","meta":{"footnotes":""},"class_list":["post-1370","page","type-page","status-publish","hentry"],"_links":{"self":[{"href":"https:\/\/koseoglutasimacilik.com\/index.php\/wp-json\/wp\/v2\/pages\/1370","targetHints":{"allow":["GET"]}}],"collection":[{"href":"https:\/\/koseoglutasimacilik.com\/index.php\/wp-json\/wp\/v2\/pages"}],"about":[{"href":"https:\/\/koseoglutasimacilik.com\/index.php\/wp-json\/wp\/v2\/types\/page"}],"author":[{"embeddable":true,"href":"https:\/\/koseoglutasimacilik.com\/index.php\/wp-json\/wp\/v2\/users\/1"}],"replies":[{"embeddable":true,"href":"https:\/\/koseoglutasimacilik.com\/index.php\/wp-json\/wp\/v2\/comments?post=1370"}],"version-history":[{"count":55,"href":"https:\/\/koseoglutasimacilik.com\/index.php\/wp-json\/wp\/v2\/pages\/1370\/revisions"}],"predecessor-version":[{"id":1613,"href":"https:\/\/koseoglutasimacilik.com\/index.php\/wp-json\/wp\/v2\/pages\/1370\/revisions\/1613"}],"wp:attachment":[{"href":"https:\/\/koseoglutasimacilik.com\/index.php\/wp-json\/wp\/v2\/media?parent=1370"}],"curies":[{"name":"wp","href":"https:\/\/api.w.org\/{rel}","templated":true}]}}